{"id":1200,"date":"2025-05-29T05:32:23","date_gmt":"2025-05-29T05:32:23","guid":{"rendered":"https:\/\/tallowmar.ee\/?post_type=product&#038;p=1200"},"modified":"2026-04-02T08:59:01","modified_gmt":"2026-04-02T08:59:01","slug":"highland-veiserasvaseep-siberi-nuluoliga","status":"publish","type":"product","link":"https:\/\/tallowmar.ee\/en\/product\/highland-veiserasvaseep-siberi-nuluoliga\/","title":{"rendered":"HIGHLAND tallow soap with Siberian fir oil"},"content":{"rendered":"<p data-start=\"391\" data-end=\"622\"><strong data-start=\"391\" data-end=\"403\">HIGHLAND<\/strong> on looduslik k\u00e4sit\u00f6\u00f6seep, valmistatud veiserasvast ja rikastatud Siberi nulu eeterliku \u00f5liga. Seep sobib igap\u00e4evaseks kasutamiseks nii kehale kui juustele ning on m\u00f5eldud k\u00f5ikidele nahat\u00fc\u00fcpidele alates 5. eluaastast. Juuste pesemisel v\u00f5id kogeda \u00fcleminekuperioodi, millest saad lugeda l\u00e4hemalt <a href=\"https:\/\/tallowmar.ee\/%f0%9f%8c%bf-milline-seep-valida\/\">blogipostitusest<\/a>.<\/p>\n<p data-start=\"629\" data-end=\"953\">Seebi valmistamisel on kasutatud <strong data-start=\"662\" data-end=\"678\">k\u00fclmmeetodit<\/strong> ning see on j\u00e4relvalminud v\u00e4hemalt 4 n\u00e4dalat, et s\u00e4ilitada selle looduslikud niisutavad omadused. Rasv on sulatatud madalal temperatuuril, s\u00e4ilitades v\u00e4\u00e4rtuslikud \u00fchendid: <strong data-start=\"851\" data-end=\"913\">omega-3 rasvhapped, oleiinhape ning A-, D- E- ja K-vitamiinid<\/strong>, mis toetavad naha ja juuste tervist.<\/p>\n<h5 data-start=\"460\" data-end=\"490\">Koostisosade kasulikkus:<\/h5>\n<p data-start=\"492\" data-end=\"674\"><strong data-start=\"492\" data-end=\"515\">Veiserasv (tallow):<\/strong> <span class=\"relative -mx-px my-[-0.2rem] rounded px-px py-[0.2rem] transition-colors duration-100 ease-in-out\">Rikas vitamiinide A, D, E ja K poolest, mis toidavad ja aitavad kaitsta nahka ning tugevdada juuksejuuri.<\/span> <span class=\"relative -mx-px my-[-0.2rem] rounded px-px py-[0.2rem] transition-colors duration-100 ease-in-out\">Veiserasv aitab parandada naha elastsust ja s\u00e4ilitada niiskust, muutes selle ideaalseks koostisosaks kuivale v\u00f5i tundlikule nahale.<\/span><\/p>\n<p data-start=\"676\" data-end=\"852\"><strong data-start=\"676\" data-end=\"693\">Riitsinus\u00f5li:<\/strong> <span class=\"relative -mx-px my-[-0.2rem] rounded px-px py-[0.2rem] transition-colors duration-100 ease-in-out\">Sisaldab rikkalikult ritsinoolhapet, millel on niisutavad ja p\u00f5letikuvastased omadused.<\/span> <span class=\"relative -mx-px my-[-0.2rem] rounded px-px py-[0.2rem] transition-colors duration-100 ease-in-out\">Riitsinus\u00f5li aitab rahustada \u00e4rritunud nahka, toetada juuksefolliikulite t\u00f6\u00f6d ning v\u00e4hendada punetust ja peanaha p\u00f5letikku.<\/span><\/p>\n<p data-start=\"854\" data-end=\"1042\"><strong data-start=\"761\" data-end=\"793\">Siberi nulu eeterlik \u00f5li (Abies sibirica)<\/strong><br data-start=\"793\" data-end=\"796\" \/>Siberi nulu\u00f5li p\u00f5hikomponent on <strong data-start=\"830\" data-end=\"849\">born\u00fc\u00fclatsetaat<\/strong>; fir-\u00f5lide ning born\u00fc\u00fclatsetaadi kohta on n\u00e4idatud <strong data-start=\"901\" data-end=\"946\">antimikroobset\/antioks\u00fcdantset aktiivsust<\/strong> in vitro ning <strong data-start=\"961\" data-end=\"987\">inhaleerimisuuringutes<\/strong> on kirjeldatud <strong data-start=\"1003\" data-end=\"1051\">autonoomse n\u00e4rvis\u00fcsteemi l\u00f5\u00f5gastavat vastust<\/strong> (rahunemise ja pinge v\u00e4henemise markerid). Seebis annab see \u201emetsav\u00e4rske\u201c, balsamilise noodi ja maandava du\u0161ikogemuse.<\/p>\n<p data-start=\"854\" data-end=\"1042\"><strong>T\u00fc\u00fcpilised allergeenid:<\/strong><em data-start=\"1225\" data-end=\"1272\"> Limonene, Linalool.<\/em><\/p>\n<p data-start=\"1310\" data-end=\"1422\">Seep sobib h\u00e4sti kasutamiseks ka reisil v\u00f5i trennis \u2013 \u00fcks toode, mis teeb mitu t\u00f6\u00f6d ja hooldab sind loomulikult.<\/p>\n<h5 data-start=\"1495\" data-end=\"1521\"><strong data-start=\"1499\" data-end=\"1521\">Peamised omadused:<\/strong><\/h5>\n<ul data-start=\"1523\" data-end=\"1733\">\n<li data-start=\"1523\" data-end=\"1577\">\n<p data-start=\"1525\" data-end=\"1577\">\ud83c\udf32 Siberi nulu\u00f5li \u2013 antiseptiline ja meeli ergutav<\/p>\n<\/li>\n<li data-start=\"1578\" data-end=\"1632\">\n<p data-start=\"1580\" data-end=\"1632\">\ud83d\udca7 Looduslik gl\u00fctseriin \u2013 niisutav ja nahas\u00f5bralik<\/p>\n<\/li>\n<li data-start=\"1633\" data-end=\"1666\">\n<p data-start=\"1635\" data-end=\"1666\">\ud83e\uddfc K\u00e4sitsi valmistatud Eestis<\/p>\n<\/li>\n<li data-start=\"1667\" data-end=\"1701\">\n<p data-start=\"1669\" data-end=\"1701\">\ud83e\uddf4 Sobib keha ja juuste pesuks<\/p>\n<\/li>\n<li data-start=\"1702\" data-end=\"1733\">\ud83d\udc68\u200d\ud83d\udc69\u200d\ud83d\udc67 Alates 5. eluaastast<\/li>\n<\/ul>\n<h5 data-start=\"1675\" data-end=\"1703\"><strong data-start=\"1679\" data-end=\"1703\">Vaata ka\u00a0<\/strong><\/h5>\n<p data-start=\"1706\" data-end=\"1836\"><a href=\"https:\/\/tallowmar.ee\/toode\/normande-veiserasvaseep-teepuuoliga\/\">Normande<\/a> teepuu\u00f5liga seep<\/p>\n<p data-start=\"1706\" data-end=\"1836\"><a href=\"https:\/\/tallowmar.ee\/toode\/charolais-naturaalne-veiserasvaseep\/\">Charolais<\/a> naturaalne veiserasvaseep tundlikule nahale<\/p>\n<h2 data-start=\"1706\" data-end=\"1836\">KKK<\/h2>\n<p data-start=\"280\" data-end=\"413\"><strong data-start=\"280\" data-end=\"327\">Kas Highland sobib nii kehale kui juustele?<\/strong><br data-start=\"327\" data-end=\"330\" \/>Jah. Highland on \u201ck\u00f5ik \u00fches\u201d seep, see sobib kehale ja juustele. V\u00e4ldi silma\u00fcmbrust.<\/p>\n<p data-start=\"415\" data-end=\"667\"><strong data-start=\"415\" data-end=\"467\">Kuidas kasutada juustel, et tulemus oleks parim?<\/strong><br data-start=\"467\" data-end=\"470\" \/>Niisuta juuksed, vahusta seebiga otse peanahal, masseeri, loputa <strong data-start=\"535\" data-end=\"555\">v\u00e4ga p\u00f5hjalikult<\/strong>. L\u00f5ppu tee <strong data-start=\"567\" data-end=\"588\">happeline loputus<\/strong> (1\u20132 tl \u00f5una\u00e4\u00e4dikat 500 ml vees), et juuksepinda siluda ja v\u00e4hendada takusust.<\/p>\n<p data-start=\"669\" data-end=\"915\"><strong data-start=\"669\" data-end=\"740\">Kui kaua kestab \u00fcleminekuperiood sulfaadivabadelt toodetelt tulles?<\/strong><br data-start=\"740\" data-end=\"743\" \/>Keskmiselt <strong data-start=\"754\" data-end=\"771\">2\u20138 pesukorda<\/strong>. Kareda vee, juuksetoodete j\u00e4\u00e4kide v\u00f5i v\u00e4ga paksude juuste korral v\u00f5ib minna kauem. Abi on happelisest loputusest.<\/p>\n<p data-start=\"917\" data-end=\"1091\"><strong data-start=\"917\" data-end=\"956\">Kuidas k\u00e4itub seep kareda vee korral?<\/strong><br data-start=\"956\" data-end=\"959\" \/>V\u00f5ib vahutada v\u00e4hem ja j\u00e4tta rohkem j\u00e4\u00e4ki. Loputa pikemalt, vajadusel korda pesu ning kasuta loputuseks \u00f5un\u00e4\u00e4dika vett (vt eespool).<\/p>\n<p data-start=\"1093\" data-end=\"1253\"><strong data-start=\"1093\" data-end=\"1130\">Kas Highland sobib raseerimiseks?<\/strong><br data-start=\"1130\" data-end=\"1133\" \/>Jah. Siidine vaht annab hea libeduse nii keharaseerimiseks kui habemele. P\u00e4rast raseerimist loputa ja vajadusel kasuta<a href=\"https:\/\/tallowmar.ee\/toode\/galloway-naturaalne-veiserasvavoie\/\"> Galloway veiserasvav\u00f5iet.<\/a><\/p>\n<p data-start=\"1255\" data-end=\"1543\"><strong data-start=\"1255\" data-end=\"1321\">Mis iseloomustab Siberi nulu aroomi?<\/strong><br data-start=\"1321\" data-end=\"1324\" \/>Aroom on <strong data-start=\"1333\" data-end=\"1363\">metsav\u00e4rske ja balsamiline<\/strong>. T\u00fc\u00fcpilised l\u00f5hnaallergeenid: <strong data-start=\"1445\" data-end=\"1467\">Limonene, Linalool.<\/strong><\/p>\n<p data-start=\"1545\" data-end=\"1810\"><strong data-start=\"1545\" data-end=\"1603\">Kas sobib tundlikule nahale \/ lastele \/ raseduse ajal?<\/strong><br data-start=\"1603\" data-end=\"1606\" \/>Seep on <strong data-start=\"1614\" data-end=\"1627\">rinse-off<\/strong>, kuid l\u00f5hnatundlikul v\u00f5i v\u00e4ga \u00f5rnal nahal tee alati <strong data-start=\"1680\" data-end=\"1693\">pistetest<\/strong>. Alla<strong><em> 5-a<\/em><\/strong> laste puhul eelistada l\u00f5hnastamata varianti. Raseduse ajal kasuta eeterlike \u00f5lidega tooteid m\u00f5\u00f5dukalt.<\/p>\n<p data-start=\"1812\" data-end=\"1987\"><strong data-start=\"1812\" data-end=\"1857\">Kuidas seepi hoida ja kauem kestma panna?<\/strong><br data-start=\"1857\" data-end=\"1860\" \/>Kasuta <strong data-start=\"1867\" data-end=\"1889\">restiga seebialust<\/strong>, lase t\u00fckil kasutuste vahel kuivada ja v\u00e4ldi veeloigus seismist. Nii kestab seep oluliselt kauem.<\/p>\n<p data-start=\"1706\" data-end=\"1836\"><\/p>\n","protected":false},"excerpt":{"rendered":"<p>Natural handmade soap from beef tallow and essential oil of Siberian fir.<br data-start=\"1552\" data-end=\"1555\" \/>Nourishes and soothes the skin, suitable for use on the body and hair from the age of 5.<\/p>","protected":false},"featured_media":1201,"comment_status":"open","ping_status":"closed","template":"","meta":{"_acf_changed":false,"_monsterinsights_skip_tracking":false,"_monsterinsights_sitenote_active":false,"_monsterinsights_sitenote_note":"","_monsterinsights_sitenote_category":0,"site-sidebar-layout":"default","site-content-layout":"","ast-site-content-layout":"default","site-content-style":"default","site-sidebar-style":"default","ast-global-header-display":"","ast-banner-title-visibility":"","ast-main-header-display":"","ast-hfb-above-header-display":"","ast-hfb-below-header-display":"","ast-hfb-mobile-header-display":"","site-post-title":"","ast-breadcrumbs-content":"","ast-featured-img":"","footer-sml-layout":"","ast-disable-related-posts":"","theme-transparent-header-meta":"default","adv-header-id-meta":"","stick-header-meta":"","header-above-stick-meta":"","header-main-stick-meta":"","header-below-stick-meta":"","astra-migrate-meta-layouts":"set","ast-page-background-enabled":"default","ast-page-background-meta":{"desktop":{"background-color":"var(--ast-global-color-4)","background-image":"","background-repeat":"repeat","background-position":"center center","background-size":"auto","background-attachment":"scroll","background-type":"","background-media":"","overlay-type":"","overlay-color":"","overlay-opacity":"","overlay-gradient":""},"tablet":{"background-color":"","background-image":"","background-repeat":"repeat","background-position":"center center","background-size":"auto","background-attachment":"scroll","background-type":"","background-media":"","overlay-type":"","overlay-color":"","overlay-opacity":"","overlay-gradient":""},"mobile":{"background-color":"","background-image":"","background-repeat":"repeat","background-position":"center center","background-size":"auto","background-attachment":"scroll","background-type":"","background-media":"","overlay-type":"","overlay-color":"","overlay-opacity":"","overlay-gradient":""}},"ast-content-background-meta":{"desktop":{"background-color":"var(--ast-global-color-5)","background-image":"","background-repeat":"repeat","background-position":"center center","background-size":"auto","background-attachment":"scroll","background-type":"","background-media":"","overlay-type":"","overlay-color":"","overlay-opacity":"","overlay-gradient":""},"tablet":{"background-color":"var(--ast-global-color-5)","background-image":"","background-repeat":"repeat","background-position":"center center","background-size":"auto","background-attachment":"scroll","background-type":"","background-media":"","overlay-type":"","overlay-color":"","overlay-opacity":"","overlay-gradient":""},"mobile":{"background-color":"var(--ast-global-color-5)","background-image":"","background-repeat":"repeat","background-position":"center center","background-size":"auto","background-attachment":"scroll","background-type":"","background-media":"","overlay-type":"","overlay-color":"","overlay-opacity":"","overlay-gradient":""}}},"product_brand":[42],"product_cat":[36],"product_tag":[103,77,98,57,49,72,63,47,53,67,46,58,106,65,116,117,71,70,50,66,44,104],"class_list":{"0":"post-1200","1":"product","2":"type-product","3":"status-publish","4":"has-post-thumbnail","6":"product_brand-tallowmar","7":"product_cat-seebid","8":"product_tag-eesti-toode","9":"product_tag-highland","10":"product_tag-hooliv-kingitus","11":"product_tag-kasitoo","12":"product_tag-kasitoona-valmistatud","13":"product_tag-kasitooseep","14":"product_tag-kehahooldus","15":"product_tag-kuivale-nahale","16":"product_tag-looduslik","17":"product_tag-looduslik-hooldus","18":"product_tag-looduslik-kehahooldus","19":"product_tag-nahahooldus","20":"product_tag-plastivaba","21":"product_tag-seep","22":"product_tag-siberi-nuluoliga-seep","23":"product_tag-siberian-fir-tallow-soap","24":"product_tag-tallow-skin-care","25":"product_tag-tallow-soap","26":"product_tag-tallowmar","27":"product_tag-tundlik-nahk","28":"product_tag-veiserasv","29":"product_tag-veiserasvaseep","30":"desktop-align-left","31":"tablet-align-left","32":"mobile-align-left","34":"first","35":"instock","36":"shipping-taxable","37":"purchasable","38":"product-type-variable"},"acf":[],"aioseo_notices":[],"_links":{"self":[{"href":"https:\/\/tallowmar.ee\/en\/wp-json\/wp\/v2\/product\/1200","targetHints":{"allow":["GET"]}}],"collection":[{"href":"https:\/\/tallowmar.ee\/en\/wp-json\/wp\/v2\/product"}],"about":[{"href":"https:\/\/tallowmar.ee\/en\/wp-json\/wp\/v2\/types\/product"}],"replies":[{"embeddable":true,"href":"https:\/\/tallowmar.ee\/en\/wp-json\/wp\/v2\/comments?post=1200"}],"wp:featuredmedia":[{"embeddable":true,"href":"https:\/\/tallowmar.ee\/en\/wp-json\/wp\/v2\/media\/1201"}],"wp:attachment":[{"href":"https:\/\/tallowmar.ee\/en\/wp-json\/wp\/v2\/media?parent=1200"}],"wp:term":[{"taxonomy":"product_brand","embeddable":true,"href":"https:\/\/tallowmar.ee\/en\/wp-json\/wp\/v2\/product_brand?post=1200"},{"taxonomy":"product_cat","embeddable":true,"href":"https:\/\/tallowmar.ee\/en\/wp-json\/wp\/v2\/product_cat?post=1200"},{"taxonomy":"product_tag","embeddable":true,"href":"https:\/\/tallowmar.ee\/en\/wp-json\/wp\/v2\/product_tag?post=1200"}],"curies":[{"name":"wp","href":"https:\/\/api.w.org\/{rel}","templated":true}]}}